{"id":26,"date":"2023-12-07T04:34:41","date_gmt":"2023-12-07T04:34:41","guid":{"rendered":"https:\/\/wordpress.themeholy.com\/mediax\/?page_id=26"},"modified":"2025-04-22T12:31:07","modified_gmt":"2025-04-22T17:31:07","slug":"nosotros","status":"publish","type":"page","link":"http:\/\/www.masterzoila.edu.ec\/?page_id=26","title":{"rendered":"Nosotros"},"content":{"rendered":"\t\t<div data-elementor-type=\"wp-page\" data-elementor-id=\"26\" class=\"elementor elementor-26\">\n\t\t\t\t<div class=\"elementor-element elementor-element-c11a95e e-flex e-con-boxed e-con e-parent\" data-id=\"c11a95e\" data-element_type=\"container\">\n\t\t\t\t\t<div class=\"e-con-inner\">\n\t\t\t\t\t<\/div>\n\t\t\t\t<\/div>\n\t\t\r\n<div class=\"elementor-element elementor-element-3e3d7ec e-flex e-con-boxed e-con e-parent\" data-id=\"3e3d7ec\" data-element_type=\"container\">\n\t\t\t\t\t<div class=\"e-con-inner\">\n\t\t<div class=\"elementor-element elementor-element-67eb1fa e-con-full e-flex e-con e-child\" data-id=\"67eb1fa\" data-element_type=\"container\">\n\t\t\r\n\t\t<div class=\"elementor-element elementor-element-08151aa elementor-widget elementor-widget-mediaximage\" data-id=\"08151aa\" data-element_type=\"widget\" data-widget_type=\"mediaximage.default\">\n\t\t\t\t<div class=\"elementor-widget-container\">\n\t\t\t\t\t<div class=\"img-box9\"><img decoding=\"async\" src=\"http:\/\/masterzoila.edu.ec\/wp-content\/uploads\/2025\/04\/MASTER.jpg\" alt=\"MASTER\"  \/><\/div>\t\t\t\t<\/div>\n\t\t\t\t<\/div>\n\t\t\t\t<\/div>\n\t\t<div class=\"elementor-element elementor-element-09cb36c e-con-full e-flex e-con e-child\" data-id=\"09cb36c\" data-element_type=\"container\">\n\t\t\t\t<div class=\"elementor-element elementor-element-fcf639f elementor-widget-tablet__width-initial elementor-widget elementor-widget-mediaxsectiontitle\" data-id=\"fcf639f\" data-element_type=\"widget\" data-widget_type=\"mediaxsectiontitle.default\">\n\t\t\t\t<div class=\"elementor-widget-container\">\n\t\t\t\t\t<div class=\"title-area text-left \"><span class=\"sub-title3 \">MASTER ZOILA<\/span><h2 class=\"sec-title \">Nuestra Historia<\/h2><p class=\"sec-text\"> La Unidad Educativa Particular \u201cMSc. Zoila Rosa Cabrera Miranda de Prieto\u201d:\n fundada en el a\u00f1o de 1998, brinda servicio de Educaci\u00f3n a la poblaci\u00f3n ecuatoriana.\n Con el objetivo de formar ni\u00f1os y j\u00f3venes l\u00edderes, \u00edntegros, aut\u00f3nomos y que su\n aporte proactivo trascienda a la sociedad.\n Fundada por la MSc. Zoila Rosa Cabrera Miranda de Prieto con gran vocaci\u00f3n por la\n educaci\u00f3n y amor por la ni\u00f1ez junto a un extraordinario equipo de trabajo dan inicio\n a lo que en principio fue \u201cJARD\u00cdN ESCUELA BOMBITAS\u201d.\n Bajo el liderazgo de Master Zoila la instituci\u00f3n se consolido en la comunidad como un centro educativo de gran calidad educativa y\n calidez por parte de sus maestros. Tras el lamentable fallecimiento de su fundadora (2010). \n\nSu legado nos ense\u00f1\u00f3 el arduo trabajo,  responsable y comprometido para con los ni\u00f1os y j\u00f3venes de esta ciudad y el pa\u00eds.\n Tras asumir las funciones en 2011, la nueva administraci\u00f3n con la misma responsabilidad y compromiso hacia la presente y futuras\n generaciones implementa actualmente constantes mejoras al sistema educativo institucional, enfocado en cumplir la visi\u00f3n con la\n cual fue fundada y llevando a esta noble instituci\u00f3n a lugares de excelencia.\n Para el 2018 asume el cargo de director general el Mgtr. Leonidas Prieto C. promotor educativo y l\u00edder visionario que desde sus\n inicios se ha desenvuelto en el medio educacional, comparte la misma pasi\u00f3n que su madre (MSc. Zoila) por provocar un impacto\n positivo en la ni\u00f1ez y juventud ecuatoriana a trav\u00e9s de la educaci\u00f3n.<\/p><\/div>\t\t\t\t<\/div>\n\t\t\t\t<\/div>\n\t\t\t\t<div class=\"elementor-element elementor-element-9d86d85 elementor-widget elementor-widget-text-editor\" data-id=\"9d86d85\" data-element_type=\"widget\" data-widget_type=\"text-editor.default\">\n\t\t\t\t<div class=\"elementor-widget-container\">\n\t\t\t\t\t\t\t\t\t<div class=\"video-wrapper1\"><div class=\"text-center text-md-start\"><div class=\"mb-40\"><div class=\"checklist style3\"><ul><li><i class=\"fas fa-shield-check\"><\/i>500+ Alumnos<\/li><li><i class=\"fas fa-shield-check\"><\/i>27+ A\u00f1os nos respaldan<\/li><li><i class=\"fas fa-shield-check\"><\/i>2 Modalidades de estudio<\/li><\/ul><\/div><\/div><\/div><\/div>\t\t\t\t\t\t\t\t<\/div>\n\t\t\t\t<\/div>\n\t\t\t\t<\/div>\n\t\t\t\t\t<\/div>\n\t\t\t\t<\/div>\n\t\t<div class=\"elementor-element elementor-element-0b9acdd e-flex e-con-boxed e-con e-parent\" data-id=\"0b9acdd\" data-element_type=\"container\" data-settings=\"{&quot;background_background&quot;:&quot;classic&quot;}\">\n\t\t\t\t\t<div class=\"e-con-inner\">\n\t\t\t\t<div class=\"elementor-element elementor-element-c307cf9 elementor-widget__width-initial elementor-widget-tablet__width-initial elementor-widget-mobile__width-inherit elementor-widget elementor-widget-mediaxsectiontitle\" data-id=\"c307cf9\" data-element_type=\"widget\" data-widget_type=\"mediaxsectiontitle.default\">\n\t\t\t\t<div class=\"elementor-widget-container\">\n\t\t\t\t\t\t\t\t<div class=\"title-area text-center \">\n\t\t\t\t<h2 class=\"sec-title \">Hoy educamos con amor para la vida<\/h2>\t\t\t<\/div>\n\t\t\t\t\t\t<\/div>\n\t\t\t\t<\/div>\n\t\t\t\t<div class=\"elementor-element elementor-element-233c1e7 elementor-widget elementor-widget-mediaxfeatures\" data-id=\"233c1e7\" data-element_type=\"widget\" data-widget_type=\"mediaxfeatures.default\">\n\t\t\t\t<div class=\"elementor-widget-container\">\n\t\t\t\t\t<div class=\"row gy-4\"><div class=\"col-xl-3 col-sm-6\"><div class=\"why-feature\" data-bg-src=\"\"><div class=\"box-icon\"><img decoding=\"async\" src=\"http:\/\/masterzoila.edu.ec\/wp-content\/uploads\/2025\/04\/icon001.gif\" alt=\"icon001\"  \/><\/div><h3 class=\"box-title\">Desarrollo de habilidades del pensamiento<\/h3><\/div><\/div><div class=\"col-xl-3 col-sm-6\"><div class=\"why-feature\" data-bg-src=\"\"><div class=\"box-icon\"><img decoding=\"async\" src=\"http:\/\/masterzoila.edu.ec\/wp-content\/uploads\/2025\/04\/tic.gif\" alt=\"tic\"  \/><\/div><h3 class=\"box-title\">Desarrollo de competencias TIC<\/h3><\/div><\/div><div class=\"col-xl-3 col-sm-6\"><div class=\"why-feature\" data-bg-src=\"\"><div class=\"box-icon\"><img decoding=\"async\" src=\"http:\/\/masterzoila.edu.ec\/wp-content\/uploads\/2025\/04\/religion.gif\" alt=\"religion\"  \/><\/div><h3 class=\"box-title\">Valores cristianos<\/h3><\/div><\/div><div class=\"col-xl-3 col-sm-6\"><div class=\"why-feature\" data-bg-src=\"\"><div class=\"box-icon\"><img decoding=\"async\" src=\"http:\/\/masterzoila.edu.ec\/wp-content\/uploads\/2025\/04\/idiomas.gif\" alt=\"idiomas\"  \/><\/div><h3 class=\"box-title\">Biling\u00fcismo<\/h3><\/div><\/div><\/div>\t\t\t\t<\/div>\n\t\t\t\t<\/div>\n\t\t\t\t\t<\/div>\n\t\t\t\t<\/div>\n\t\t<div class=\"elementor-element elementor-element-5e28a61 e-flex e-con-boxed e-con e-parent\" data-id=\"5e28a61\" data-element_type=\"container\">\n\t\t\t\t\t<div class=\"e-con-inner\">\n\t\t\t\t<div class=\"elementor-element elementor-element-09272f5 elementor-widget elementor-widget-mediaxvideo\" data-id=\"09272f5\" data-element_type=\"widget\" data-widget_type=\"mediaxvideo.default\">\n\t\t\t\t<div class=\"elementor-widget-container\">\n\t\t\t\t\t<div class=\"th-video\"><img decoding=\"async\" src=\"http:\/\/masterzoila.edu.ec\/wp-content\/uploads\/2025\/04\/portada-1.jpg\" alt=\"portada 1\"  \/><a href=\"https:\/\/www.youtube.com\/watch?v=v151Y243XF0\" class=\"play-btn popup-video\"><i class=\"fas fa-play\"><\/i><\/a><\/div>\t\t\t\t<\/div>\n\t\t\t\t<\/div>\n\t\t\t\t\t<\/div>\n\t\t\t\t<\/div>\n\t\t<div class=\"elementor-element elementor-element-221a84f e-flex e-con-boxed e-con e-parent\" data-id=\"221a84f\" data-element_type=\"container\" data-settings=\"{&quot;background_background&quot;:&quot;classic&quot;}\">\n\t\t\t\t\t<div class=\"e-con-inner\">\n\t\t\t\t<div class=\"elementor-element elementor-element-f873eea elementor-widget elementor-widget-mediaxservice\" data-id=\"f873eea\" data-element_type=\"widget\" data-widget_type=\"mediaxservice.default\">\n\t\t\t\t<div class=\"elementor-widget-container\">\n\t\t\t\t\t<div class=\"row justify-content-lg-between justify-content-center align-items-end\"><div class=\"col-lg\"><div class=\"title-area text-center text-lg-start\"><h2 class=\"sec-title\">M\u00e9todo de ense\u00f1anza V.I.D.A.<\/h2><\/div><\/div><div class=\"col-lg-auto d-none d-lg-block\"><div class=\"sec-btn\"><div class=\"icon-box\"><button class=\"slider-arrow service-prev default\"><i class=\"far fa-arrow-left\"><\/i><\/button><button class=\"slider-arrow service-next default\"><i class=\"far fa-arrow-right\"><\/i><\/button><\/div><\/div><\/div><\/div><div class=\"service-list-area\"><div class=\"service-list-wrap \"><div class=\"service-list\"><div class=\"box-icon\"><img decoding=\"async\" src=\"http:\/\/masterzoila.edu.ec\/wp-content\/uploads\/2025\/04\/vida1.png\" alt=\"vida1\"  \/><\/div><div class=\"content-wrap\"><div class=\"box-title-wrap\"><h3 class=\"box-title title\">valores<\/h3><\/div><div class=\"box-content\"><h3 class=\"box-title title\"><a href=\"\">valores<\/a><\/h3><p class=\"box-text desc\">Valores basados en principios cristianos.<\/p><\/div><\/div><\/div><\/div><div class=\"service-list-wrap \"><div class=\"service-list\"><div class=\"box-icon\"><img decoding=\"async\" src=\"http:\/\/masterzoila.edu.ec\/wp-content\/uploads\/2025\/04\/vida2.png\" alt=\"vida2\"  \/><\/div><div class=\"content-wrap\"><div class=\"box-title-wrap\"><h3 class=\"box-title title\">Ingl\u00e9s<\/h3><\/div><div class=\"box-content\"><h3 class=\"box-title title\"><a href=\"\">Ingl\u00e9s<\/a><\/h3><p class=\"box-text desc\">Como segunda lengua. <\/p><\/div><\/div><\/div><\/div><div class=\"service-list-wrap active\"><div class=\"service-list\"><div class=\"box-icon\"><img decoding=\"async\" src=\"http:\/\/masterzoila.edu.ec\/wp-content\/uploads\/2025\/04\/vida3.png\" alt=\"vida3\"  \/><\/div><div class=\"content-wrap\"><div class=\"box-title-wrap\"><h3 class=\"box-title title\">Drllo. de habilidades     <\/h3><\/div><div class=\"box-content\"><h3 class=\"box-title title\"><a href=\"\">Drllo. de habilidades     <\/a><\/h3><p class=\"box-text desc\">Aprendizaje basado en problemas.\nAprendizaje basado en proyectos.<\/p><\/div><\/div><\/div><\/div><div class=\"service-list-wrap \"><div class=\"service-list\"><div class=\"box-icon\"><img decoding=\"async\" src=\"http:\/\/masterzoila.edu.ec\/wp-content\/uploads\/2025\/04\/vida4.png\" alt=\"vida4\"  \/><\/div><div class=\"content-wrap\"><div class=\"box-title-wrap\"><h3 class=\"box-title title\">Aptitudes\nDigitales<\/h3><\/div><div class=\"box-content\"><h3 class=\"box-title title\"><a href=\"\">Aptitudes\nDigitales<\/a><\/h3><p class=\"box-text desc\">pensamiento computacional  y Programaci\u00f3n<\/p><\/div><\/div><\/div><\/div><\/div>\t\t\t\t<\/div>\n\t\t\t\t<\/div>\n\t\t\t\t\t<\/div>\n\t\t\t\t<\/div>\n\t\t<div class=\"elementor-element elementor-element-eb24ce8 e-flex e-con-boxed e-con e-parent\" data-id=\"eb24ce8\" data-element_type=\"container\">\n\t\t\t\t\t<div class=\"e-con-inner\">\n\t\t\t\t<div class=\"elementor-element elementor-element-a67b5d1 elementor-widget elementor-widget-mediaxsectiontitle\" data-id=\"a67b5d1\" data-element_type=\"widget\" data-widget_type=\"mediaxsectiontitle.default\">\n\t\t\t\t<div class=\"elementor-widget-container\">\n\t\t\t\t\t\t\t\t<div class=\"title-area text-left \">\n\t\t\t\t<h2 class=\"sec-title \">Nuestros Eventos: <\/h2>\t\t\t<\/div>\n\t\t\t\t\t\t<\/div>\n\t\t\t\t<\/div>\n\t\t\t\t<div class=\"elementor-element elementor-element-f1a711b elementor-widget elementor-widget-mediaxfeatures\" data-id=\"f1a711b\" data-element_type=\"widget\" data-widget_type=\"mediaxfeatures.default\">\n\t\t\t\t<div class=\"elementor-widget-container\">\n\t\t\t\t\t<div class=\"achieve-box-wrap\"><div class=\"achieve-box hover-item \"><div class=\"box-img\"><img decoding=\"async\" src=\"http:\/\/masterzoila.edu.ec\/wp-content\/uploads\/2025\/04\/olimpiadas.png\" alt=\"olimpiadas\"  \/><\/div><div class=\"box-year\">01<\/div><div class=\"media-body\"><h3 class=\"box-title\">Olimpiadas<\/h3><p class=\"box-text\">En nuestro colegio particular en Guayaquil, celebramos las Olimpiadas como una fiesta deportiva que promueve el trabajo en equipo, el esp\u00edritu competitivo y los valores. Nuestros estudiantes demuestran su talento y disciplina en un ambiente lleno de alegr\u00eda, compromiso y energ\u00eda.\n<\/p><\/div><\/div><div class=\"achieve-box hover-item item-active\"><div class=\"box-img\"><img decoding=\"async\" src=\"http:\/\/masterzoila.edu.ec\/wp-content\/uploads\/2025\/04\/nochedearte.png\" alt=\"nochedearte\"  \/><\/div><div class=\"box-year\">02<\/div><div class=\"media-body\"><h3 class=\"box-title\">Noche de Arte<\/h3><p class=\"box-text\">La creatividad florece en la Noche de Arte de Master Zoila. Este evento presencial re\u00fane a nuestras familias en Guayaquil para disfrutar de exposiciones, presentaciones art\u00edsticas y muestras de talento que reflejan la formaci\u00f3n integral que ofrecemos como colegio particular en Ecuador.\n\n<\/p><\/div><\/div><div class=\"achieve-box hover-item \"><div class=\"box-img\"><img decoding=\"async\" src=\"http:\/\/masterzoila.edu.ec\/wp-content\/uploads\/2025\/04\/noche.png\" alt=\"noche\"  \/><\/div><div class=\"box-year\">03<\/div><div class=\"media-body\"><h3 class=\"box-title\"> Noche de Gala <\/h3><p class=\"box-text\">Una noche especial donde celebramos los logros de nuestros estudiantes con elegancia y orgullo. La Noche de Gala es uno de los eventos m\u00e1s esperados en Master Zoila, reafirmando nuestro compromiso como instituci\u00f3n educativa presencial en Guayaquil que valora el esfuerzo, la excelencia y la proyecci\u00f3n\u00a0de\u00a0cada\u00a0alumno.<\/p><\/div><\/div><\/div>\t\t\t\t<\/div>\n\t\t\t\t<\/div>\n\t\t\t\t\t<\/div>\n\t\t\t\t<\/div>\n\t\t<div class=\"elementor-element elementor-element-d44b678 e-flex e-con-boxed e-con e-parent\" data-id=\"d44b678\" data-element_type=\"container\" data-settings=\"{&quot;background_background&quot;:&quot;classic&quot;}\">\n\t\t\t\t\t<div class=\"e-con-inner\">\n\t\t\t\t<div class=\"elementor-element elementor-element-20a5d23 elementor-widget elementor-widget-mediaxsectiontitle\" data-id=\"20a5d23\" data-element_type=\"widget\" data-widget_type=\"mediaxsectiontitle.default\">\n\t\t\t\t<div class=\"elementor-widget-container\">\n\t\t\t\t\t\t\t\t<div class=\"title-area text-center \">\n\t\t\t\t<h2 class=\"sec-title \">Nuestras Autoridades<\/h2>\t\t\t<\/div>\n\t\t\t\t\t\t<\/div>\n\t\t\t\t<\/div>\n\t\t\t\t<div class=\"elementor-element elementor-element-aa8abcb elementor-widget elementor-widget-mediaxteam\" data-id=\"aa8abcb\" data-element_type=\"widget\" data-widget_type=\"mediaxteam.default\">\n\t\t\t\t<div class=\"elementor-widget-container\">\n\t\t\t\t\t<div class=\"swiper th-slider has-shadow\" id=\"teamSlider1\" data-slider-options='{\"breakpoints\":{\"0\":{\"slidesPerView\":1},\"576\":{\"slidesPerView\":\"2\"},\"768\":{\"slidesPerView\":\"2\"},\"992\":{\"slidesPerView\":\"3\"},\"1200\":{\"slidesPerView\":\"4\"}}}'><div class=\"swiper-wrapper\"><div class=\"swiper-slide\"><div class=\"th-team team-card\"><div class=\"box-img\"><img decoding=\"async\" src=\"http:\/\/masterzoila.edu.ec\/wp-content\/uploads\/2025\/03\/001.jpg\" alt=\"001\"  \/><div class=\"th-social\"><\/div><\/div><h3 class=\"box-title\"><a href=\"\"> Mgtr. Leonidas Prieto<\/a><\/h3><span class=\"team-desig\">DIRECTOR GENERAL<\/span><\/div><\/div><div class=\"swiper-slide\"><div class=\"th-team team-card\"><div class=\"box-img\"><img decoding=\"async\" src=\"http:\/\/masterzoila.edu.ec\/wp-content\/uploads\/2025\/04\/cindy.jpg\" alt=\"cindy\"  \/><div class=\"th-social\"><\/div><\/div><h3 class=\"box-title\"><a href=\"\"> Mgtr. Cindy Pe\u00f1afiel\n<\/a><\/h3><span class=\"team-desig\">DIRECTORA INICIALES<\/span><\/div><\/div><div class=\"swiper-slide\"><div class=\"th-team team-card\"><div class=\"box-img\"><img decoding=\"async\" src=\"http:\/\/masterzoila.edu.ec\/wp-content\/uploads\/2025\/03\/003.jpg\" alt=\"003\"  \/><div class=\"th-social\"><\/div><\/div><h3 class=\"box-title\"><a href=\"\">Mgtr. Hypatia Alvarado<\/a><\/h3><span class=\"team-desig\">DIRECTORA ESCUELA<\/span><\/div><\/div><div class=\"swiper-slide\"><div class=\"th-team team-card\"><div class=\"box-img\"><img decoding=\"async\" src=\"http:\/\/masterzoila.edu.ec\/wp-content\/uploads\/2025\/03\/004.jpg\" alt=\"004\"  \/><div class=\"th-social\"><\/div><\/div><h3 class=\"box-title\"><a href=\"\">Mgtr. Wendy Piquett<\/a><\/h3><span class=\"team-desig\">DIRECTORA COLEGIO<\/span><\/div><\/div><div class=\"swiper-slide\"><div class=\"th-team team-card\"><div class=\"box-img\"><img decoding=\"async\" src=\"http:\/\/masterzoila.edu.ec\/wp-content\/uploads\/2025\/04\/evelin.jpg\" alt=\"evelin\"  \/><div class=\"th-social\"><\/div><\/div><h3 class=\"box-title\"><a href=\"\">Mgtr. Evelin Franco\n<\/a><\/h3><span class=\"team-desig\">RECTORA<\/span><\/div><\/div><\/div><\/div>\t\t\t\t<\/div>\n\t\t\t\t<\/div>\n\t\t\t\t\t<\/div>\n\t\t\t\t<\/div>\n\t\t\t\t<\/div>\n\t\t","protected":false},"excerpt":{"rendered":"<p>MASTER ZOILA Nuestra Historia La Unidad Educativa Particular \u201cMSc. Zoila Rosa Cabrera Miranda de Prieto\u201d: fundada en el a\u00f1o de 1998, brinda servicio de Educaci\u00f3n a la poblaci\u00f3n ecuatoriana. Con el objetivo de formar ni\u00f1os y j\u00f3venes l\u00edderes, \u00edntegros, aut\u00f3nomos y que su aporte proactivo trascienda a la sociedad. Fundada por la MSc. Zoila Rosa&#8230;<\/p>\n","protected":false},"author":1,"featured_media":0,"parent":0,"menu_order":0,"comment_status":"closed","ping_status":"closed","template":"template-builder.php","meta":{"footnotes":""},"class_list":["post-26","page","type-page","status-publish","hentry"],"_links":{"self":[{"href":"http:\/\/www.masterzoila.edu.ec\/index.php?rest_route=\/wp\/v2\/pages\/26","targetHints":{"allow":["GET"]}}],"collection":[{"href":"http:\/\/www.masterzoila.edu.ec\/index.php?rest_route=\/wp\/v2\/pages"}],"about":[{"href":"http:\/\/www.masterzoila.edu.ec\/index.php?rest_route=\/wp\/v2\/types\/page"}],"author":[{"embeddable":true,"href":"http:\/\/www.masterzoila.edu.ec\/index.php?rest_route=\/wp\/v2\/users\/1"}],"replies":[{"embeddable":true,"href":"http:\/\/www.masterzoila.edu.ec\/index.php?rest_route=%2Fwp%2Fv2%2Fcomments&post=26"}],"version-history":[{"count":98,"href":"http:\/\/www.masterzoila.edu.ec\/index.php?rest_route=\/wp\/v2\/pages\/26\/revisions"}],"predecessor-version":[{"id":4033,"href":"http:\/\/www.masterzoila.edu.ec\/index.php?rest_route=\/wp\/v2\/pages\/26\/revisions\/4033"}],"wp:attachment":[{"href":"http:\/\/www.masterzoila.edu.ec\/index.php?rest_route=%2Fwp%2Fv2%2Fmedia&parent=26"}],"curies":[{"name":"wp","href":"https:\/\/api.w.org\/{rel}","templated":true}]}}